{"id":33,"date":"2020-08-05T10:29:28","date_gmt":"2020-08-05T08:29:28","guid":{"rendered":"https:\/\/hotels-attitude.com\/menu\/?page_id=33"},"modified":"2026-04-20T10:20:58","modified_gmt":"2026-04-20T08:20:58","slug":"tropical-attitude-fr","status":"publish","type":"page","link":"https:\/\/hotels-attitude.com\/menu\/fr\/tropical-attitude-fr\/","title":{"rendered":"Tropical Attitude 3*+"},"content":{"rendered":"\n<p><strong>Bienvenue au Tropical Attitude 3*+ !<\/strong><\/p>\n\n\n\n<p>Douceur de vivre dans un boutique-h\u00f4tel d\u00e9contract\u00e9 en bord de mer, face \u00e0 l&#8217;\u00cele aux Cerfs.<\/p>\n","protected":false},"excerpt":{"rendered":"<p>Bienvenue au Tropical Attitude 3*+ ! Douceur de vivre dans un boutique-h\u00f4tel d\u00e9contract\u00e9 en bord de mer, face \u00e0 l&#8217;\u00cele aux Cerfs.<\/p>\n","protected":false},"author":1,"featured_media":0,"parent":18,"menu_order":0,"comment_status":"closed","ping_status":"closed","template":"hotels.php","meta":{"footnotes":""},"acf":[],"_links":{"self":[{"href":"https:\/\/hotels-attitude.com\/menu\/wp-json\/wp\/v2\/pages\/33"}],"collection":[{"href":"https:\/\/hotels-attitude.com\/menu\/wp-json\/wp\/v2\/pages"}],"about":[{"href":"https:\/\/hotels-attitude.com\/menu\/wp-json\/wp\/v2\/types\/page"}],"author":[{"embeddable":true,"href":"https:\/\/hotels-attitude.com\/menu\/wp-json\/wp\/v2\/users\/1"}],"replies":[{"embeddable":true,"href":"https:\/\/hotels-attitude.com\/menu\/wp-json\/wp\/v2\/comments?post=33"}],"version-history":[{"count":50,"href":"https:\/\/hotels-attitude.com\/menu\/wp-json\/wp\/v2\/pages\/33\/revisions"}],"predecessor-version":[{"id":43865,"href":"https:\/\/hotels-attitude.com\/menu\/wp-json\/wp\/v2\/pages\/33\/revisions\/43865"}],"up":[{"embeddable":true,"href":"https:\/\/hotels-attitude.com\/menu\/wp-json\/wp\/v2\/pages\/18"}],"wp:attachment":[{"href":"https:\/\/hotels-attitude.com\/menu\/wp-json\/wp\/v2\/media?parent=33"}],"curies":[{"name":"wp","href":"https:\/\/api.w.org\/{rel}","templated":true}]}}